{"id":39,"date":"2023-06-18T14:24:55","date_gmt":"2023-06-18T14:24:55","guid":{"rendered":"https:\/\/www.badische-uscar-ig.de\/?page_id=39"},"modified":"2023-06-28T10:37:29","modified_gmt":"2023-06-28T10:37:29","slug":"impressum","status":"publish","type":"page","link":"https:\/\/www.badische-uscar-ig.de\/?page_id=39","title":{"rendered":"Impressum"},"content":{"rendered":"\n<p>Die Webseite <a href=\"https:\/\/www.badische-uscar-ig.de\">www.badische-uscar-ig.de<\/a> wird nicht gesch\u00e4ftsm\u00e4\u00dfig betrieben und unterliegt nicht den Pflichten nach \u00a75 TMG.<\/p>\n\n\n\n<p>Betreiber: Wolfram Kammerer, Offenburg<\/p>\n\n\n\n<p>Kontakt: Info@badische-uscar-ig.de<\/p>\n","protected":false},"excerpt":{"rendered":"<p>Die Webseite www.badische-uscar-ig.de wird nicht gesch\u00e4ftsm\u00e4\u00dfig betrieben und unterliegt nicht den Pflichten nach \u00a75 TMG. Betreiber: Wolfram Kammerer, Offenburg Kontakt: Info@badische-uscar-ig.de<\/p>\n","protected":false},"author":1,"featured_media":0,"parent":0,"menu_order":6,"comment_status":"closed","ping_status":"closed","template":"","meta":{"footnotes":""},"class_list":["post-39","page","type-page","status-publish","hentry"],"_links":{"self":[{"href":"https:\/\/www.badische-uscar-ig.de\/index.php?rest_route=\/wp\/v2\/pages\/39","targetHints":{"allow":["GET"]}}],"collection":[{"href":"https:\/\/www.badische-uscar-ig.de\/index.php?rest_route=\/wp\/v2\/pages"}],"about":[{"href":"https:\/\/www.badische-uscar-ig.de\/index.php?rest_route=\/wp\/v2\/types\/page"}],"author":[{"embeddable":true,"href":"https:\/\/www.badische-uscar-ig.de\/index.php?rest_route=\/wp\/v2\/users\/1"}],"replies":[{"embeddable":true,"href":"https:\/\/www.badische-uscar-ig.de\/index.php?rest_route=%2Fwp%2Fv2%2Fcomments&post=39"}],"version-history":[{"count":3,"href":"https:\/\/www.badische-uscar-ig.de\/index.php?rest_route=\/wp\/v2\/pages\/39\/revisions"}],"predecessor-version":[{"id":125,"href":"https:\/\/www.badische-uscar-ig.de\/index.php?rest_route=\/wp\/v2\/pages\/39\/revisions\/125"}],"wp:attachment":[{"href":"https:\/\/www.badische-uscar-ig.de\/index.php?rest_route=%2Fwp%2Fv2%2Fmedia&parent=39"}],"curies":[{"name":"wp","href":"https:\/\/api.w.org\/{rel}","templated":true}]}}